{"id":1379,"date":"2016-06-08T11:06:25","date_gmt":"2016-06-08T09:06:25","guid":{"rendered":"http:\/\/k-drei.de\/en\/?page_id=1379"},"modified":"2017-03-08T11:29:57","modified_gmt":"2017-03-08T09:29:57","slug":"photo-credit","status":"publish","type":"page","link":"https:\/\/k-drei.de\/en\/photo-credit\/","title":{"rendered":"Photo credit"},"content":{"rendered":"<p>Where not otherwise indicated, the photos shown on this website have been sourced from KDREI&#8217;s own internal image archive.<br \/>\nWe commissioned professional partners to document the following projects photographically.<\/p>\n<p>&nbsp;<\/p>\n<p><strong>McFIT<br \/>\n<\/strong>RALPH K. PENNO<br \/>\nPhotocredit McFIT GmbH<\/p>\n<p>&nbsp;<\/p>\n<p><strong>Siemens | K\u00f6nigstadt Car\u00e9e<br \/>\n<\/strong>ILLING&amp;VOSSBECK FOTOGRAFIE<br \/>\nMarkgrafenstra\u00dfe 58<br \/>\n10117 Berlin<br \/>\n<a title=\"www.iv-fotografie.berlin\" href=\"http:\/\/www.iv-fotografie.berlin\" target=\"_blank\">www.iv-fotografie.berlin<\/a><\/p>\n<p>&nbsp;<\/p>\n<p><strong>Beuth-Hochschule\u00a0|\u00a0Frankfurt Airport<br \/>\n<\/strong>OLIVER RICHTER<br \/>\n<a title=\"blocked::http:\/\/www.ceravedere.de\/\" href=\"http:\/\/www.ceravedere.de\">www.ceravedere.de<\/a><\/p>\n<p><strong><br \/>\n<\/strong><\/p>\n<p>&nbsp;<\/p>\n<p><strong>The Team<br \/>\n<\/strong>ANTONIA RICHTER<strong><br \/>\n<\/strong><a href=\"http:\/\/www.gatonia.de\">www.gatonia.de<\/a><strong><br \/>\n<\/strong><\/p>\n","protected":false},"excerpt":{"rendered":"<p>Where not otherwise indicated, the photos shown on this website have been sourced from KDREI&#8217;s own internal image archive. We commissioned professional partners to document the following projects photographically. &nbsp; McFIT RALPH K. PENNO Photocredit McFIT GmbH &nbsp; Siemens | K\u00f6nigstadt Car\u00e9e ILLING&amp;VOSSBECK FOTOGRAFIE Markgrafenstra\u00dfe 58 10117 Berlin www.iv-fotografie.berlin &nbsp; Beuth-Hochschule\u00a0|\u00a0Frankfurt Airport OLIVER RICHTER www.ceravedere.de [&hellip;]<\/p>\n","protected":false},"author":2,"featured_media":0,"parent":0,"menu_order":0,"comment_status":"open","ping_status":"closed","template":"","meta":{"_vp_format_video_url":"","_vp_image_focal_point":[],"footnotes":""},"class_list":["post-1379","page","type-page","status-publish","hentry"],"yoast_head":"<!-- This site is optimized with the Yoast SEO plugin v27.3 - https:\/\/yoast.com\/product\/yoast-seo-wordpress\/ -->\n<title>Photo credit - KDREI<\/title>\n<meta name=\"robots\" content=\"index, follow, max-snippet:-1, max-image-preview:large, max-video-preview:-1\" \/>\n<link rel=\"canonical\" href=\"https:\/\/k-drei.de\/en\/photo-credit\/\" \/>\n<meta property=\"og:locale\" content=\"en_GB\" \/>\n<meta property=\"og:type\" content=\"article\" \/>\n<meta property=\"og:title\" content=\"Photo credit - KDREI\" \/>\n<meta property=\"og:description\" content=\"Where not otherwise indicated, the photos shown on this website have been sourced from KDREI&#8217;s own internal image archive. We commissioned professional partners to document the following projects photographically. &nbsp; McFIT RALPH K. PENNO Photocredit McFIT GmbH &nbsp; Siemens | K\u00f6nigstadt Car\u00e9e ILLING&amp;VOSSBECK FOTOGRAFIE Markgrafenstra\u00dfe 58 10117 Berlin www.iv-fotografie.berlin &nbsp; Beuth-Hochschule\u00a0|\u00a0Frankfurt Airport OLIVER RICHTER www.ceravedere.de [&hellip;]\" \/>\n<meta property=\"og:url\" content=\"https:\/\/k-drei.de\/en\/photo-credit\/\" \/>\n<meta property=\"og:site_name\" content=\"KDREI\" \/>\n<meta property=\"article:publisher\" content=\"https:\/\/www.facebook.com\/k3planungsgesellschaft\" \/>\n<meta property=\"article:modified_time\" content=\"2017-03-08T09:29:57+00:00\" \/>\n<meta name=\"twitter:card\" content=\"summary_large_image\" \/>\n<meta name=\"twitter:site\" content=\"@kdreiberlin\" \/>\n<script type=\"application\/ld+json\" class=\"yoast-schema-graph\">{\"@context\":\"https:\\\/\\\/schema.org\",\"@graph\":[{\"@type\":\"WebPage\",\"@id\":\"https:\\\/\\\/k-drei.de\\\/en\\\/photo-credit\\\/\",\"url\":\"https:\\\/\\\/k-drei.de\\\/en\\\/photo-credit\\\/\",\"name\":\"Photo credit - KDREI\",\"isPartOf\":{\"@id\":\"https:\\\/\\\/k-drei.de\\\/#website\"},\"datePublished\":\"2016-06-08T09:06:25+00:00\",\"dateModified\":\"2017-03-08T09:29:57+00:00\",\"breadcrumb\":{\"@id\":\"https:\\\/\\\/k-drei.de\\\/en\\\/photo-credit\\\/#breadcrumb\"},\"inLanguage\":\"en-GB\",\"potentialAction\":[{\"@type\":\"ReadAction\",\"target\":[\"https:\\\/\\\/k-drei.de\\\/en\\\/photo-credit\\\/\"]}]},{\"@type\":\"BreadcrumbList\",\"@id\":\"https:\\\/\\\/k-drei.de\\\/en\\\/photo-credit\\\/#breadcrumb\",\"itemListElement\":[{\"@type\":\"ListItem\",\"position\":1,\"name\":\"Startseite\",\"item\":\"https:\\\/\\\/k-drei.de\\\/en\\\/food-service-design_en\\\/\"},{\"@type\":\"ListItem\",\"position\":2,\"name\":\"Photo credit\"}]},{\"@type\":\"WebSite\",\"@id\":\"https:\\\/\\\/k-drei.de\\\/#website\",\"url\":\"https:\\\/\\\/k-drei.de\\\/\",\"name\":\"KDREI\",\"description\":\"WORLDWIDE. ON SITE.\",\"publisher\":{\"@id\":\"https:\\\/\\\/k-drei.de\\\/#organization\"},\"potentialAction\":[{\"@type\":\"SearchAction\",\"target\":{\"@type\":\"EntryPoint\",\"urlTemplate\":\"https:\\\/\\\/k-drei.de\\\/?s={search_term_string}\"},\"query-input\":{\"@type\":\"PropertyValueSpecification\",\"valueRequired\":true,\"valueName\":\"search_term_string\"}}],\"inLanguage\":\"en-GB\"},{\"@type\":\"Organization\",\"@id\":\"https:\\\/\\\/k-drei.de\\\/#organization\",\"name\":\"KDREI Planungsgesellschaft mbH & Co. KG\",\"url\":\"https:\\\/\\\/k-drei.de\\\/\",\"logo\":{\"@type\":\"ImageObject\",\"inLanguage\":\"en-GB\",\"@id\":\"https:\\\/\\\/k-drei.de\\\/#\\\/schema\\\/logo\\\/image\\\/\",\"url\":\"https:\\\/\\\/k-drei.de\\\/wp\\\/wp-content\\\/uploads\\\/KDREI_Logo_P1495c_Kueche.png\",\"contentUrl\":\"https:\\\/\\\/k-drei.de\\\/wp\\\/wp-content\\\/uploads\\\/KDREI_Logo_P1495c_Kueche.png\",\"width\":2126,\"height\":1181,\"caption\":\"KDREI Planungsgesellschaft mbH & Co. KG\"},\"image\":{\"@id\":\"https:\\\/\\\/k-drei.de\\\/#\\\/schema\\\/logo\\\/image\\\/\"},\"sameAs\":[\"https:\\\/\\\/www.facebook.com\\\/k3planungsgesellschaft\",\"https:\\\/\\\/x.com\\\/kdreiberlin\",\"https:\\\/\\\/www.linkedin.com\\\/company\\\/42128401\\\/admin\\\/feed\\\/posts\\\/\"]}]}<\/script>\n<!-- \/ Yoast SEO plugin. -->","yoast_head_json":{"title":"Photo credit - KDREI","robots":{"index":"index","follow":"follow","max-snippet":"max-snippet:-1","max-image-preview":"max-image-preview:large","max-video-preview":"max-video-preview:-1"},"canonical":"https:\/\/k-drei.de\/en\/photo-credit\/","og_locale":"en_GB","og_type":"article","og_title":"Photo credit - KDREI","og_description":"Where not otherwise indicated, the photos shown on this website have been sourced from KDREI&#8217;s own internal image archive. We commissioned professional partners to document the following projects photographically. &nbsp; McFIT RALPH K. PENNO Photocredit McFIT GmbH &nbsp; Siemens | K\u00f6nigstadt Car\u00e9e ILLING&amp;VOSSBECK FOTOGRAFIE Markgrafenstra\u00dfe 58 10117 Berlin www.iv-fotografie.berlin &nbsp; Beuth-Hochschule\u00a0|\u00a0Frankfurt Airport OLIVER RICHTER www.ceravedere.de [&hellip;]","og_url":"https:\/\/k-drei.de\/en\/photo-credit\/","og_site_name":"KDREI","article_publisher":"https:\/\/www.facebook.com\/k3planungsgesellschaft","article_modified_time":"2017-03-08T09:29:57+00:00","twitter_card":"summary_large_image","twitter_site":"@kdreiberlin","schema":{"@context":"https:\/\/schema.org","@graph":[{"@type":"WebPage","@id":"https:\/\/k-drei.de\/en\/photo-credit\/","url":"https:\/\/k-drei.de\/en\/photo-credit\/","name":"Photo credit - KDREI","isPartOf":{"@id":"https:\/\/k-drei.de\/#website"},"datePublished":"2016-06-08T09:06:25+00:00","dateModified":"2017-03-08T09:29:57+00:00","breadcrumb":{"@id":"https:\/\/k-drei.de\/en\/photo-credit\/#breadcrumb"},"inLanguage":"en-GB","potentialAction":[{"@type":"ReadAction","target":["https:\/\/k-drei.de\/en\/photo-credit\/"]}]},{"@type":"BreadcrumbList","@id":"https:\/\/k-drei.de\/en\/photo-credit\/#breadcrumb","itemListElement":[{"@type":"ListItem","position":1,"name":"Startseite","item":"https:\/\/k-drei.de\/en\/food-service-design_en\/"},{"@type":"ListItem","position":2,"name":"Photo credit"}]},{"@type":"WebSite","@id":"https:\/\/k-drei.de\/#website","url":"https:\/\/k-drei.de\/","name":"KDREI","description":"WORLDWIDE. ON SITE.","publisher":{"@id":"https:\/\/k-drei.de\/#organization"},"potentialAction":[{"@type":"SearchAction","target":{"@type":"EntryPoint","urlTemplate":"https:\/\/k-drei.de\/?s={search_term_string}"},"query-input":{"@type":"PropertyValueSpecification","valueRequired":true,"valueName":"search_term_string"}}],"inLanguage":"en-GB"},{"@type":"Organization","@id":"https:\/\/k-drei.de\/#organization","name":"KDREI Planungsgesellschaft mbH & Co. KG","url":"https:\/\/k-drei.de\/","logo":{"@type":"ImageObject","inLanguage":"en-GB","@id":"https:\/\/k-drei.de\/#\/schema\/logo\/image\/","url":"https:\/\/k-drei.de\/wp\/wp-content\/uploads\/KDREI_Logo_P1495c_Kueche.png","contentUrl":"https:\/\/k-drei.de\/wp\/wp-content\/uploads\/KDREI_Logo_P1495c_Kueche.png","width":2126,"height":1181,"caption":"KDREI Planungsgesellschaft mbH & Co. KG"},"image":{"@id":"https:\/\/k-drei.de\/#\/schema\/logo\/image\/"},"sameAs":["https:\/\/www.facebook.com\/k3planungsgesellschaft","https:\/\/x.com\/kdreiberlin","https:\/\/www.linkedin.com\/company\/42128401\/admin\/feed\/posts\/"]}]}},"jetpack_sharing_enabled":true,"_links":{"self":[{"href":"https:\/\/k-drei.de\/en\/wp-json\/wp\/v2\/pages\/1379\/"}],"collection":[{"href":"https:\/\/k-drei.de\/en\/wp-json\/wp\/v2\/pages\/"}],"about":[{"href":"https:\/\/k-drei.de\/en\/wp-json\/wp\/v2\/types\/page\/"}],"author":[{"embeddable":true,"href":"https:\/\/k-drei.de\/en\/wp-json\/wp\/v2\/users\/2\/"}],"replies":[{"embeddable":true,"href":"https:\/\/k-drei.de\/en\/wp-json\/wp\/v2\/comments\/?post=1379"}],"version-history":[{"count":8,"href":"https:\/\/k-drei.de\/en\/wp-json\/wp\/v2\/pages\/1379\/revisions\/"}],"predecessor-version":[{"id":1943,"href":"https:\/\/k-drei.de\/en\/wp-json\/wp\/v2\/pages\/1379\/revisions\/1943\/"}],"wp:attachment":[{"href":"https:\/\/k-drei.de\/en\/wp-json\/wp\/v2\/media\/?parent=1379"}],"curies":[{"name":"wp","href":"https:\/\/api.w.org\/{rel}","templated":true}]}}